{"id":339,"date":"2017-02-13T15:17:13","date_gmt":"2017-02-13T15:17:13","guid":{"rendered":"http:\/\/Fightart.ch\/?page_id=339"},"modified":"2026-01-05T17:03:00","modified_gmt":"2026-01-05T16:03:00","slug":"training","status":"publish","type":"page","link":"https:\/\/fightart.ch\/?page_id=339","title":{"rendered":"Training"},"content":{"rendered":"\t\t<div data-elementor-type=\"wp-page\" data-elementor-id=\"339\" class=\"elementor elementor-339\">\n\t\t\t\t\t\t<section class=\"elementor-section elementor-top-section elementor-element elementor-element-3b4e2931 elementor-section-boxed elementor-section-height-default elementor-section-height-default\" data-id=\"3b4e2931\" data-element_type=\"section\">\n\t\t\t\t\t\t<div class=\"elementor-container elementor-column-gap-default\">\n\t\t\t\t\t<div class=\"elementor-column elementor-col-100 elementor-top-column elementor-element elementor-element-4780789f\" data-id=\"4780789f\" data-element_type=\"column\">\n\t\t\t<div class=\"elementor-widget-wrap elementor-element-populated\">\n\t\t\t\t\t\t<div class=\"elementor-element elementor-element-4a1095f9 elementor-widget elementor-widget-text-editor\" data-id=\"4a1095f9\" data-element_type=\"widget\" data-widget_type=\"text-editor.default\">\n\t\t\t\t<div class=\"elementor-widget-container\">\n\t\t\t\t\t\t\t\t\t<p style=\"text-align: left;\"><span style=\"color: #ffffff;\">Die Formen bilden die Basis der Wing Chun Technik, diese werden von Anfang an einstudiert und trainiert.<\/span><\/p><p style=\"text-align: center;\"><span style=\"color: #ff9900;\">Siu Lim Tao<\/span> <span style=\"color: #ffffff;\">(Kleine \u00a0Idee)<\/span> <span style=\"color: #ff9900;\">1. Form<\/span><\/p><p style=\"text-align: center;\"><span style=\"color: #ff9900;\">Chum Kiu<\/span> <span style=\"color: #ffffff;\">(Suchende Br\u00fccke)<\/span><span style=\"color: #ff9900;\"> 2.Form<\/span><\/p><p style=\"text-align: center;\"><span style=\"color: #ff9900;\">Biu Tse<\/span> <span style=\"color: #ffffff;\">(Schwirrende, stechende Finger)<\/span> <span style=\"color: #ff9900;\">3. Form<\/span><\/p><p style=\"text-align: center;\"><span style=\"color: #ff9900;\">Mok Jan Chong<\/span> <span style=\"color: #ffffff;\">(Holzpuppe)<\/span> \u00a0<\/p><p style=\"text-align: left;\"><span style=\"color: #ffffff;\">Durch diese Methode lernt man das System Schritt f\u00fcr Schritt und der K\u00f6rper so wie die Psychie werden f\u00fcr das System vorbereitet und man erreicht ein immer besseres und tieferes Verst\u00e4ndnis. \u00a0\u00a0\u00a0\u00a0\u00a0\u00a0\u00a0\u00a0\u00a0\u00a0\u00a0\u00a0\u00a0\u00a0\u00a0\u00a0\u00a0\u00a0\u00a0\u00a0\u00a0\u00a0\u00a0\u00a0\u00a0\u00a0\u00a0 <\/span><\/p><p style=\"text-align: left;\"><span style=\"color: #ffffff;\">In Verbindung mit Schlag, Tritt und Grifftechniken entsteht so das Wing Chun System.<\/span><\/p><p style=\"text-align: left;\"><span style=\"color: #ffffff;\">Das &#8222;Dan Chi&#8220; und &#8222;Chi Sau&#8220; sind elemntare Bestandteile dieser wundervollen Technik, sie dienen der Gef\u00fchlschulung von K\u00f6rper und Geist.<\/span><\/p><h2>\u00a0<\/h2><h2><span style=\"color: #ff0000;\">Montags:<\/span><\/h2><p><span style=\"color: #ffffff;\">Der Fokus wird auf die Gef\u00fchlsschulung, Dan Chi und Chi Sau Training gelegt!<\/span><\/p><h2><span style=\"color: #ff0000;\">Donnerstags:<\/span><\/h2><p><span style=\"color: #ffffff;\">Der Fokus liegt beim schulen der Technicken\u00a0 in der Anwendung zur Verteidigung und Kampf!<\/span><\/p><p><img fetchpriority=\"high\" decoding=\"async\" class=\"aligncenter wp-image-340\" src=\"http:\/\/Fightart.ch\/wp-content\/uploads\/2017\/02\/acdad38c7b9dc62d3a4c3986a6094718.jpg\" alt=\"acdad38c7b9dc62d3a4c3986a6094718\" width=\"250\" height=\"375\" srcset=\"https:\/\/fightart.ch\/wp-content\/uploads\/2017\/02\/acdad38c7b9dc62d3a4c3986a6094718.jpg 640w, https:\/\/fightart.ch\/wp-content\/uploads\/2017\/02\/acdad38c7b9dc62d3a4c3986a6094718-200x300.jpg 200w, https:\/\/fightart.ch\/wp-content\/uploads\/2017\/02\/acdad38c7b9dc62d3a4c3986a6094718-100x150.jpg 100w\" sizes=\"(max-width: 250px) 100vw, 250px\" \/><\/p><h2><span style=\"color: #99cc00;\"><span style=\"color: #ff0000;\">Du lernst :<\/span><br \/><\/span><\/h2><ul><li><span style=\"color: #ffffff;\">Realistische Verteidiung mit Schlag- Tritt- und Grifftechniken<\/span><\/li><li><span style=\"color: #ffffff;\">Verbesserung der Eigenwahrnehmung ( K\u00f6rper und Geist )<\/span><\/li><li><span style=\"color: #ffffff;\">Selbstsicherheit, Entspannung, Gelassenheit, <br \/><\/span><\/li><\/ul><p style=\"text-align: center;\"><span style=\"color: #ff9900;\">Das regelm\u00e4ssige Trainieren f\u00f6rdert zudem die allgemeine Gesundheit<\/span><\/p>\t\t\t\t\t\t\t\t<\/div>\n\t\t\t\t<\/div>\n\t\t\t\t\t<\/div>\n\t\t<\/div>\n\t\t\t\t\t<\/div>\n\t\t<\/section>\n\t\t\t\t<\/div>\n\t\t","protected":false},"excerpt":{"rendered":"<p>Die Formen bilden die Basis der Wing Chun Technik, diese werden von Anfang an einstudiert und trainiert. Siu Lim Tao (Kleine \u00a0Idee) 1. Form Chum Kiu (Suchende Br\u00fccke) 2.Form Biu Tse (Schwirrende, stechende Finger) 3. Form Mok Jan Chong (Holzpuppe) \u00a0 Durch diese Methode lernt man das System Schritt f\u00fcr Schritt und der K\u00f6rper so [&hellip;]<\/p>\n","protected":false},"author":1,"featured_media":0,"parent":0,"menu_order":0,"comment_status":"closed","ping_status":"closed","template":"","meta":{"footnotes":""},"class_list":["post-339","page","type-page","status-publish","hentry"],"_links":{"self":[{"href":"https:\/\/fightart.ch\/index.php?rest_route=\/wp\/v2\/pages\/339","targetHints":{"allow":["GET"]}}],"collection":[{"href":"https:\/\/fightart.ch\/index.php?rest_route=\/wp\/v2\/pages"}],"about":[{"href":"https:\/\/fightart.ch\/index.php?rest_route=\/wp\/v2\/types\/page"}],"author":[{"embeddable":true,"href":"https:\/\/fightart.ch\/index.php?rest_route=\/wp\/v2\/users\/1"}],"replies":[{"embeddable":true,"href":"https:\/\/fightart.ch\/index.php?rest_route=%2Fwp%2Fv2%2Fcomments&post=339"}],"version-history":[{"count":89,"href":"https:\/\/fightart.ch\/index.php?rest_route=\/wp\/v2\/pages\/339\/revisions"}],"predecessor-version":[{"id":938,"href":"https:\/\/fightart.ch\/index.php?rest_route=\/wp\/v2\/pages\/339\/revisions\/938"}],"wp:attachment":[{"href":"https:\/\/fightart.ch\/index.php?rest_route=%2Fwp%2Fv2%2Fmedia&parent=339"}],"curies":[{"name":"wp","href":"https:\/\/api.w.org\/{rel}","templated":true}]}}